{"id":170,"date":"2024-03-21T16:55:16","date_gmt":"2024-03-21T15:55:16","guid":{"rendered":"https:\/\/www.sace.fr\/?page_id=170"},"modified":"2026-03-09T10:44:59","modified_gmt":"2026-03-09T09:44:59","slug":"comptes-rendus","status":"publish","type":"page","link":"https:\/\/www.sace.fr\/index.php\/commune\/conseil-municipal\/comptes-rendus\/","title":{"rendered":"Comptes rendus"},"content":{"rendered":"\n<h2 class=\"wp-block-heading has-text-align-center\"><strong>Ann\u00e9e 2025<\/strong><\/h2>\n\n\n\n<p><a href=\"https:\/\/www.sace.fr\/wp-content\/uploads\/2026\/02\/PROCES_VERBAL-CONSEIL20250114.pdf\">S\u00e9ance du 14 janvier 2025<\/a><\/p>\n\n\n\n<p><a href=\"https:\/\/www.sace.fr\/wp-content\/uploads\/2026\/02\/PROCES_VERBAL-CONSEIL20250325.pdf\">S\u00e9ance du 25 mars 2025<\/a><\/p>\n\n\n\n<p><a href=\"https:\/\/www.sace.fr\/wp-content\/uploads\/2026\/02\/PROCES_VERBAL-CONSEIL20250515.pdf\">S\u00e9ance du 15 mai 2025<\/a><\/p>\n\n\n\n<p><a href=\"https:\/\/www.sace.fr\/wp-content\/uploads\/2026\/02\/PROCES_VERBAL-CONSEIL20250708.pdf\">S\u00e9ance du 8 juillet 2025<\/a><\/p>\n\n\n\n<p><a href=\"https:\/\/www.sace.fr\/wp-content\/uploads\/2026\/02\/PROCES_VERBAL-CONSEIL20250909.pdf\">S\u00e9ance du 9 septembre 2025<\/a><\/p>\n\n\n\n<p><a href=\"https:\/\/www.sace.fr\/wp-content\/uploads\/2026\/03\/PROCES_VERBAL-CONSEIL20251118.pdf\">S\u00e9ance du 18 novembre 2025<\/a><\/p>\n\n\n\n<p><\/p>\n\n\n\n<h2 class=\"wp-block-heading has-text-align-center\"><strong>Ann\u00e9e 2026<\/strong><\/h2>\n\n\n\n<p><a href=\"https:\/\/www.sace.fr\/wp-content\/uploads\/2026\/03\/PROCES_VERBAL-CONSEIL20260121.pdf\">S\u00e9ance du 21 janvier 2026<\/a><\/p>\n","protected":false},"excerpt":{"rendered":"<p>Ann\u00e9e 2025 S\u00e9ance du 14 janvier 2025 S\u00e9ance du 25 mars 2025 S\u00e9ance du 15 mai 2025 S\u00e9ance du 8 juillet 2025 S\u00e9ance du 9 septembre 2025 S\u00e9ance du 18 [&hellip;]<\/p>\n","protected":false},"author":1,"featured_media":0,"parent":188,"menu_order":0,"comment_status":"closed","ping_status":"closed","template":"","meta":{"_EventAllDay":false,"_EventTimezone":"","_EventStartDate":"","_EventEndDate":"","_EventStartDateUTC":"","_EventEndDateUTC":"","_EventShowMap":false,"_EventShowMapLink":false,"_EventURL":"","_EventCost":"","_EventCostDescription":"","_EventCurrencySymbol":"","_EventCurrencyCode":"","_EventCurrencyPosition":"","_EventDateTimeSeparator":"","_EventTimeRangeSeparator":"","_EventOrganizerID":[],"_EventVenueID":[],"_OrganizerEmail":"","_OrganizerPhone":"","_OrganizerWebsite":"","_VenueAddress":"","_VenueCity":"","_VenueCountry":"","_VenueProvince":"","_VenueState":"","_VenueZip":"","_VenuePhone":"","_VenueURL":"","_VenueStateProvince":"","_VenueLat":"","_VenueLng":"","_VenueShowMap":false,"_VenueShowMapLink":false,"footnotes":""},"class_list":["post-170","page","type-page","status-publish","hentry"],"_links":{"self":[{"href":"https:\/\/www.sace.fr\/index.php\/wp-json\/wp\/v2\/pages\/170","targetHints":{"allow":["GET"]}}],"collection":[{"href":"https:\/\/www.sace.fr\/index.php\/wp-json\/wp\/v2\/pages"}],"about":[{"href":"https:\/\/www.sace.fr\/index.php\/wp-json\/wp\/v2\/types\/page"}],"author":[{"embeddable":true,"href":"https:\/\/www.sace.fr\/index.php\/wp-json\/wp\/v2\/users\/1"}],"replies":[{"embeddable":true,"href":"https:\/\/www.sace.fr\/index.php\/wp-json\/wp\/v2\/comments?post=170"}],"version-history":[{"count":20,"href":"https:\/\/www.sace.fr\/index.php\/wp-json\/wp\/v2\/pages\/170\/revisions"}],"predecessor-version":[{"id":985,"href":"https:\/\/www.sace.fr\/index.php\/wp-json\/wp\/v2\/pages\/170\/revisions\/985"}],"up":[{"embeddable":true,"href":"https:\/\/www.sace.fr\/index.php\/wp-json\/wp\/v2\/pages\/188"}],"wp:attachment":[{"href":"https:\/\/www.sace.fr\/index.php\/wp-json\/wp\/v2\/media?parent=170"}],"curies":[{"name":"wp","href":"https:\/\/api.w.org\/{rel}","templated":true}]}}