{"id":365,"date":"2024-03-27T11:05:29","date_gmt":"2024-03-27T10:05:29","guid":{"rendered":"https:\/\/www.sace.fr\/?page_id=365"},"modified":"2025-11-27T09:47:06","modified_gmt":"2025-11-27T08:47:06","slug":"nouveau-lotissement","status":"publish","type":"page","link":"https:\/\/www.sace.fr\/index.php\/la-vie-communale\/nouveau-lotissement\/","title":{"rendered":"Nouveau lotissement"},"content":{"rendered":"\n<p>La viabilisation a \u00e9t\u00e9 faite \u00e0 l\u2019automne 2022 pour ce nouveau lotissement, \u00e0 proximit\u00e9 imm\u00e9diate de l\u2019\u00e9cole.<\/p>\n\n\n\n<figure class=\"wp-block-image size-large\"><img loading=\"lazy\" decoding=\"async\" width=\"1024\" height=\"569\" src=\"https:\/\/www.sace.fr\/wp-content\/uploads\/2025\/11\/20241024_154659_recadree-1024x569.jpg\" alt=\"\" class=\"wp-image-877\" srcset=\"https:\/\/www.sace.fr\/wp-content\/uploads\/2025\/11\/20241024_154659_recadree-1024x569.jpg 1024w, https:\/\/www.sace.fr\/wp-content\/uploads\/2025\/11\/20241024_154659_recadree-300x167.jpg 300w, https:\/\/www.sace.fr\/wp-content\/uploads\/2025\/11\/20241024_154659_recadree-768x427.jpg 768w, https:\/\/www.sace.fr\/wp-content\/uploads\/2025\/11\/20241024_154659_recadree-1536x854.jpg 1536w, https:\/\/www.sace.fr\/wp-content\/uploads\/2025\/11\/20241024_154659_recadree-2048x1139.jpg 2048w\" sizes=\"auto, (max-width: 1024px) 100vw, 1024px\" \/><\/figure>\n\n\n\n<p><br><br>6 parcelles de 285 \u00e0 1030 m\u00b2 sont encore disponibles \u00e0 la construction au prix de 67,50 \u20ac TTC le m\u00b2. 4 logements locatifs de Mayenne Habitat seront \u00e9galement construits en 2026. A la fin des constructions, une aire de jeux sera r\u00e9alis\u00e9e au centre de ce lotissement.<\/p>\n\n\n\n<p>Voici le plan de l\u2019op\u00e9ration, la mairie se tient \u00e0 votre disposition pour tout renseignement :<\/p>\n\n\n\n<figure class=\"wp-block-image size-large\"><a href=\"https:\/\/www.sace.fr\/wp-content\/uploads\/2025\/11\/Flyer-Lotissement-Corbinu-Sans-FP_page-0001_plan.jpg\"><img loading=\"lazy\" decoding=\"async\" width=\"1024\" height=\"726\" src=\"https:\/\/www.sace.fr\/wp-content\/uploads\/2025\/11\/Flyer-Lotissement-Corbinu-Sans-FP_page-0001_plan-1024x726.jpg\" alt=\"\" class=\"wp-image-871\" srcset=\"https:\/\/www.sace.fr\/wp-content\/uploads\/2025\/11\/Flyer-Lotissement-Corbinu-Sans-FP_page-0001_plan-1024x726.jpg 1024w, https:\/\/www.sace.fr\/wp-content\/uploads\/2025\/11\/Flyer-Lotissement-Corbinu-Sans-FP_page-0001_plan-300x213.jpg 300w, https:\/\/www.sace.fr\/wp-content\/uploads\/2025\/11\/Flyer-Lotissement-Corbinu-Sans-FP_page-0001_plan-768x545.jpg 768w, https:\/\/www.sace.fr\/wp-content\/uploads\/2025\/11\/Flyer-Lotissement-Corbinu-Sans-FP_page-0001_plan.jpg 1241w\" sizes=\"auto, (max-width: 1024px) 100vw, 1024px\" \/><\/a><\/figure>\n","protected":false},"excerpt":{"rendered":"<p>La viabilisation a \u00e9t\u00e9 faite \u00e0 l\u2019automne 2022 pour ce nouveau lotissement, \u00e0 proximit\u00e9 imm\u00e9diate de l\u2019\u00e9cole. 6 parcelles de 285 \u00e0 1030 m\u00b2 sont encore disponibles \u00e0 la construction [&hellip;]<\/p>\n","protected":false},"author":1,"featured_media":0,"parent":174,"menu_order":0,"comment_status":"closed","ping_status":"closed","template":"","meta":{"_EventAllDay":false,"_EventTimezone":"","_EventStartDate":"","_EventEndDate":"","_EventStartDateUTC":"","_EventEndDateUTC":"","_EventShowMap":false,"_EventShowMapLink":false,"_EventURL":"","_EventCost":"","_EventCostDescription":"","_EventCurrencySymbol":"","_EventCurrencyCode":"","_EventCurrencyPosition":"","_EventDateTimeSeparator":"","_EventTimeRangeSeparator":"","_EventOrganizerID":[],"_EventVenueID":[],"_OrganizerEmail":"","_OrganizerPhone":"","_OrganizerWebsite":"","_VenueAddress":"","_VenueCity":"","_VenueCountry":"","_VenueProvince":"","_VenueState":"","_VenueZip":"","_VenuePhone":"","_VenueURL":"","_VenueStateProvince":"","_VenueLat":"","_VenueLng":"","_VenueShowMap":false,"_VenueShowMapLink":false,"footnotes":""},"class_list":["post-365","page","type-page","status-publish","hentry"],"_links":{"self":[{"href":"https:\/\/www.sace.fr\/index.php\/wp-json\/wp\/v2\/pages\/365","targetHints":{"allow":["GET"]}}],"collection":[{"href":"https:\/\/www.sace.fr\/index.php\/wp-json\/wp\/v2\/pages"}],"about":[{"href":"https:\/\/www.sace.fr\/index.php\/wp-json\/wp\/v2\/types\/page"}],"author":[{"embeddable":true,"href":"https:\/\/www.sace.fr\/index.php\/wp-json\/wp\/v2\/users\/1"}],"replies":[{"embeddable":true,"href":"https:\/\/www.sace.fr\/index.php\/wp-json\/wp\/v2\/comments?post=365"}],"version-history":[{"count":5,"href":"https:\/\/www.sace.fr\/index.php\/wp-json\/wp\/v2\/pages\/365\/revisions"}],"predecessor-version":[{"id":878,"href":"https:\/\/www.sace.fr\/index.php\/wp-json\/wp\/v2\/pages\/365\/revisions\/878"}],"up":[{"embeddable":true,"href":"https:\/\/www.sace.fr\/index.php\/wp-json\/wp\/v2\/pages\/174"}],"wp:attachment":[{"href":"https:\/\/www.sace.fr\/index.php\/wp-json\/wp\/v2\/media?parent=365"}],"curies":[{"name":"wp","href":"https:\/\/api.w.org\/{rel}","templated":true}]}}